{"id":660,"date":"2024-02-13T00:02:24","date_gmt":"2024-02-13T05:02:24","guid":{"rendered":"http:\/\/129.158.241.237\/theme\/historias\/?page_id=660"},"modified":"2024-02-13T10:42:41","modified_gmt":"2024-02-13T15:42:41","slug":"proteccion","status":"publish","type":"page","link":"https:\/\/www.segurossura.com.do\/historias\/index.php\/proteccion\/","title":{"rendered":"Protecci\u00f3n"},"content":{"rendered":"<div class=\"pt-cv-wrapper\"><div class=\"pt-cv-view pt-cv-grid pt-cv-colsys\" id=\"pt-cv-view-c4e1c5bp02\"><div data-id=\"pt-cv-page-1\" class=\"pt-cv-page\" data-cvc=\"2\"><div class=\"col-md-6 col-sm-6 col-xs-12 pt-cv-content-item pt-cv-1-col\" ><div class='pt-cv-ifield'><a href=\"https:\/\/www.segurossura.com.do\/historias\/index.php\/enfermedades-de-alto-costo-tienen-impacto-significativo-en-la-sociedad\/\" class=\"_self pt-cv-href-thumbnail pt-cv-thumb-default\" target=\"_self\" ><img loading=\"lazy\" decoding=\"async\" width=\"1070\" height=\"400\" src=\"https:\/\/www.segurossura.com.do\/historias\/wp-content\/uploads\/2024\/02\/enfermedad-costo-big-1.jpg\" class=\"pt-cv-thumbnail\" alt=\"enfermedad-costo-big\" srcset=\"https:\/\/www.segurossura.com.do\/historias\/wp-content\/uploads\/2024\/02\/enfermedad-costo-big-1.jpg 1070w, https:\/\/www.segurossura.com.do\/historias\/wp-content\/uploads\/2024\/02\/enfermedad-costo-big-1-300x112.jpg 300w, https:\/\/www.segurossura.com.do\/historias\/wp-content\/uploads\/2024\/02\/enfermedad-costo-big-1-1024x383.jpg 1024w, https:\/\/www.segurossura.com.do\/historias\/wp-content\/uploads\/2024\/02\/enfermedad-costo-big-1-768x287.jpg 768w\" sizes=\"(max-width: 1070px) 100vw, 1070px\" \/><\/a>\n<h3 class=\"pt-cv-title\"><a href=\"https:\/\/www.segurossura.com.do\/historias\/index.php\/enfermedades-de-alto-costo-tienen-impacto-significativo-en-la-sociedad\/\" class=\"_self\" target=\"_self\" >Enfermedades de alto costo tienen impacto significativo en la sociedad<\/a><\/h3>\n<div class=\"pt-cv-content\">En la actualidad las enfermedades que conocemos de alto costo como c\u00e1ncer, insuficiencia renal, ...<br \/><div class=\"pt-cv-rmwrap\"><a href=\"https:\/\/www.segurossura.com.do\/historias\/index.php\/enfermedades-de-alto-costo-tienen-impacto-significativo-en-la-sociedad\/\" class=\"_self pt-cv-readmore btn btn-success\" target=\"_self\">Ver M\u00e1s<\/a><\/div><\/div><\/div><\/div>\n<div class=\"col-md-6 col-sm-6 col-xs-12 pt-cv-content-item pt-cv-1-col\" ><div class='pt-cv-ifield'><a href=\"https:\/\/www.segurossura.com.do\/historias\/index.php\/internet-seguro\/\" class=\"_self pt-cv-href-thumbnail pt-cv-thumb-default\" target=\"_self\" ><img loading=\"lazy\" decoding=\"async\" width=\"1070\" height=\"400\" src=\"https:\/\/www.segurossura.com.do\/historias\/wp-content\/uploads\/2024\/02\/internet-seguro-big.jpg\" class=\"pt-cv-thumbnail\" alt=\"internet-seguro-big\" srcset=\"https:\/\/www.segurossura.com.do\/historias\/wp-content\/uploads\/2024\/02\/internet-seguro-big.jpg 1070w, https:\/\/www.segurossura.com.do\/historias\/wp-content\/uploads\/2024\/02\/internet-seguro-big-300x112.jpg 300w, https:\/\/www.segurossura.com.do\/historias\/wp-content\/uploads\/2024\/02\/internet-seguro-big-1024x383.jpg 1024w, https:\/\/www.segurossura.com.do\/historias\/wp-content\/uploads\/2024\/02\/internet-seguro-big-768x287.jpg 768w\" sizes=\"(max-width: 1070px) 100vw, 1070px\" \/><\/a>\n<h3 class=\"pt-cv-title\"><a href=\"https:\/\/www.segurossura.com.do\/historias\/index.php\/internet-seguro\/\" class=\"_self\" target=\"_self\" >Internet Seguro<\/a><\/h3>\n<div class=\"pt-cv-content\">\u201cInternet ha convertido lo que sol\u00eda ser un mensaje controlado y unidireccional, en un ...<br \/><div class=\"pt-cv-rmwrap\"><a href=\"https:\/\/www.segurossura.com.do\/historias\/index.php\/internet-seguro\/\" class=\"_self pt-cv-readmore btn btn-success\" target=\"_self\">Ver M\u00e1s<\/a><\/div><\/div><\/div><\/div>\n<div class=\"col-md-6 col-sm-6 col-xs-12 pt-cv-content-item pt-cv-1-col\" ><div class='pt-cv-ifield'><a href=\"https:\/\/www.segurossura.com.do\/historias\/index.php\/accidentes-personales-en-el-sector-construccion\/\" class=\"_self pt-cv-href-thumbnail pt-cv-thumb-default\" target=\"_self\" ><img loading=\"lazy\" decoding=\"async\" width=\"1070\" height=\"400\" src=\"https:\/\/www.segurossura.com.do\/historias\/wp-content\/uploads\/2024\/02\/accidentes-personales-1.jpg\" class=\"pt-cv-thumbnail\" alt=\"accidentes-personales-1\" srcset=\"https:\/\/www.segurossura.com.do\/historias\/wp-content\/uploads\/2024\/02\/accidentes-personales-1.jpg 1070w, https:\/\/www.segurossura.com.do\/historias\/wp-content\/uploads\/2024\/02\/accidentes-personales-1-300x112.jpg 300w, https:\/\/www.segurossura.com.do\/historias\/wp-content\/uploads\/2024\/02\/accidentes-personales-1-1024x383.jpg 1024w, https:\/\/www.segurossura.com.do\/historias\/wp-content\/uploads\/2024\/02\/accidentes-personales-1-768x287.jpg 768w\" sizes=\"(max-width: 1070px) 100vw, 1070px\" \/><\/a>\n<h3 class=\"pt-cv-title\"><a href=\"https:\/\/www.segurossura.com.do\/historias\/index.php\/accidentes-personales-en-el-sector-construccion\/\" class=\"_self\" target=\"_self\" >Accidentes Personales en el Sector Construcci\u00f3n<\/a><\/h3>\n<div class=\"pt-cv-content\">El sector construcci\u00f3n es uno de los principales impulsadores del crecimiento econ\u00f3mico en Rep\u00fablica ...<br \/><div class=\"pt-cv-rmwrap\"><a href=\"https:\/\/www.segurossura.com.do\/historias\/index.php\/accidentes-personales-en-el-sector-construccion\/\" class=\"_self pt-cv-readmore btn btn-success\" target=\"_self\">Ver M\u00e1s<\/a><\/div><\/div><\/div><\/div>\n<div class=\"col-md-6 col-sm-6 col-xs-12 pt-cv-content-item pt-cv-1-col\" ><div class='pt-cv-ifield'><a href=\"https:\/\/www.segurossura.com.do\/historias\/index.php\/decalogo-de-un-viaje-seguro\/\" class=\"_self pt-cv-href-thumbnail pt-cv-thumb-default\" target=\"_self\" ><img loading=\"lazy\" decoding=\"async\" width=\"868\" height=\"535\" src=\"https:\/\/www.segurossura.com.do\/historias\/wp-content\/uploads\/2024\/02\/banner-decalogo-viaje-seguro.jpg\" class=\"pt-cv-thumbnail\" alt=\"banner-decalogo-viaje-seguro\" srcset=\"https:\/\/www.segurossura.com.do\/historias\/wp-content\/uploads\/2024\/02\/banner-decalogo-viaje-seguro.jpg 868w, https:\/\/www.segurossura.com.do\/historias\/wp-content\/uploads\/2024\/02\/banner-decalogo-viaje-seguro-300x185.jpg 300w, https:\/\/www.segurossura.com.do\/historias\/wp-content\/uploads\/2024\/02\/banner-decalogo-viaje-seguro-768x473.jpg 768w\" sizes=\"(max-width: 868px) 100vw, 868px\" \/><\/a>\n<h3 class=\"pt-cv-title\"><a href=\"https:\/\/www.segurossura.com.do\/historias\/index.php\/decalogo-de-un-viaje-seguro\/\" class=\"_self\" target=\"_self\" >Dec\u00e1logo de un viaje seguro<\/a><\/h3>\n<div class=\"pt-cv-content\">Hay diferentes motivos por los cuales decidimos emprender un viaje en carretera, sea por ...<br \/><div class=\"pt-cv-rmwrap\"><a href=\"https:\/\/www.segurossura.com.do\/historias\/index.php\/decalogo-de-un-viaje-seguro\/\" class=\"_self pt-cv-readmore btn btn-success\" target=\"_self\">Ver M\u00e1s<\/a><\/div><\/div><\/div><\/div>\n<div class=\"col-md-6 col-sm-6 col-xs-12 pt-cv-content-item pt-cv-1-col\" ><div class='pt-cv-ifield'><a href=\"https:\/\/www.segurossura.com.do\/historias\/index.php\/pasos-para-una-correcta-reclamacion-de-accidente-de-transito\/\" class=\"_self pt-cv-href-thumbnail pt-cv-thumb-default\" target=\"_self\" ><img loading=\"lazy\" decoding=\"async\" width=\"1070\" height=\"400\" src=\"https:\/\/www.segurossura.com.do\/historias\/wp-content\/uploads\/2024\/02\/pasos-para-una-correcta-reclamacion-de-accidente-de-transito_text.jpg\" class=\"pt-cv-thumbnail\" alt=\"pasos-para-una-correcta-reclamacion-de-accidente-de-transito_text\" srcset=\"https:\/\/www.segurossura.com.do\/historias\/wp-content\/uploads\/2024\/02\/pasos-para-una-correcta-reclamacion-de-accidente-de-transito_text.jpg 1070w, https:\/\/www.segurossura.com.do\/historias\/wp-content\/uploads\/2024\/02\/pasos-para-una-correcta-reclamacion-de-accidente-de-transito_text-300x112.jpg 300w, https:\/\/www.segurossura.com.do\/historias\/wp-content\/uploads\/2024\/02\/pasos-para-una-correcta-reclamacion-de-accidente-de-transito_text-1024x383.jpg 1024w, https:\/\/www.segurossura.com.do\/historias\/wp-content\/uploads\/2024\/02\/pasos-para-una-correcta-reclamacion-de-accidente-de-transito_text-768x287.jpg 768w\" sizes=\"(max-width: 1070px) 100vw, 1070px\" \/><\/a>\n<h3 class=\"pt-cv-title\"><a href=\"https:\/\/www.segurossura.com.do\/historias\/index.php\/pasos-para-una-correcta-reclamacion-de-accidente-de-transito\/\" class=\"_self\" target=\"_self\" >Pasos para una correcta reclamaci\u00f3n de accidente de tr\u00e1nsito<\/a><\/h3>\n<div class=\"pt-cv-content\">Salvaguardar la vida es la prioridad Lo m\u00e1s importante es verificar que todas las ...<br \/><div class=\"pt-cv-rmwrap\"><a href=\"https:\/\/www.segurossura.com.do\/historias\/index.php\/pasos-para-una-correcta-reclamacion-de-accidente-de-transito\/\" class=\"_self pt-cv-readmore btn btn-success\" target=\"_self\">Ver M\u00e1s<\/a><\/div><\/div><\/div><\/div>\n<div class=\"col-md-6 col-sm-6 col-xs-12 pt-cv-content-item pt-cv-1-col\" ><div class='pt-cv-ifield'><a href=\"https:\/\/www.segurossura.com.do\/historias\/index.php\/los-riesgos-del-infraseguro\/\" class=\"_self pt-cv-href-thumbnail pt-cv-thumb-default\" target=\"_self\" ><img loading=\"lazy\" decoding=\"async\" width=\"1070\" height=\"400\" src=\"https:\/\/www.segurossura.com.do\/historias\/wp-content\/uploads\/2024\/02\/Slider-HS-11.png\" class=\"pt-cv-thumbnail\" alt=\"Slider-HS-11\" srcset=\"https:\/\/www.segurossura.com.do\/historias\/wp-content\/uploads\/2024\/02\/Slider-HS-11.png 1070w, https:\/\/www.segurossura.com.do\/historias\/wp-content\/uploads\/2024\/02\/Slider-HS-11-300x112.png 300w, https:\/\/www.segurossura.com.do\/historias\/wp-content\/uploads\/2024\/02\/Slider-HS-11-1024x383.png 1024w, https:\/\/www.segurossura.com.do\/historias\/wp-content\/uploads\/2024\/02\/Slider-HS-11-768x287.png 768w\" sizes=\"(max-width: 1070px) 100vw, 1070px\" \/><\/a>\n<h3 class=\"pt-cv-title\"><a href=\"https:\/\/www.segurossura.com.do\/historias\/index.php\/los-riesgos-del-infraseguro\/\" class=\"_self\" target=\"_self\" >Los riesgos del Infraseguro<\/a><\/h3>\n<div class=\"pt-cv-content\">El infraseguro se da cuando una persona opta por asegurar una propiedad por un ...<br \/><div class=\"pt-cv-rmwrap\"><a href=\"https:\/\/www.segurossura.com.do\/historias\/index.php\/los-riesgos-del-infraseguro\/\" class=\"_self pt-cv-readmore btn btn-success\" target=\"_self\">Ver M\u00e1s<\/a><\/div><\/div><\/div><\/div>\n<div class=\"col-md-6 col-sm-6 col-xs-12 pt-cv-content-item pt-cv-1-col\" ><div class='pt-cv-ifield'><a href=\"https:\/\/www.segurossura.com.do\/historias\/index.php\/la-sabia-inversion-de-contar-con-un-plan-medico-internacional\/\" class=\"_self pt-cv-href-thumbnail pt-cv-thumb-default\" target=\"_self\" ><img loading=\"lazy\" decoding=\"async\" width=\"1080\" height=\"400\" src=\"https:\/\/www.segurossura.com.do\/historias\/wp-content\/uploads\/2024\/02\/Slider-HS-07.jpg\" class=\"pt-cv-thumbnail\" alt=\"Just married happy family on tropical island honeymoon holidays\" srcset=\"https:\/\/www.segurossura.com.do\/historias\/wp-content\/uploads\/2024\/02\/Slider-HS-07.jpg 1080w, https:\/\/www.segurossura.com.do\/historias\/wp-content\/uploads\/2024\/02\/Slider-HS-07-300x111.jpg 300w, https:\/\/www.segurossura.com.do\/historias\/wp-content\/uploads\/2024\/02\/Slider-HS-07-1024x379.jpg 1024w, https:\/\/www.segurossura.com.do\/historias\/wp-content\/uploads\/2024\/02\/Slider-HS-07-768x284.jpg 768w\" sizes=\"(max-width: 1080px) 100vw, 1080px\" \/><\/a>\n<h3 class=\"pt-cv-title\"><a href=\"https:\/\/www.segurossura.com.do\/historias\/index.php\/la-sabia-inversion-de-contar-con-un-plan-medico-internacional\/\" class=\"_self\" target=\"_self\" >La sabia inversi\u00f3n de contar con un plan m\u00e9dico internacional<\/a><\/h3>\n<div class=\"pt-cv-content\">Un seguro de salud internacional\u00a0es sin\u00f3nimo de acceso directo a los \u00faltimos avances\u00a0tecnol\u00f3gicos y ...<br \/><div class=\"pt-cv-rmwrap\"><a href=\"https:\/\/www.segurossura.com.do\/historias\/index.php\/la-sabia-inversion-de-contar-con-un-plan-medico-internacional\/\" class=\"_self pt-cv-readmore btn btn-success\" target=\"_self\">Ver M\u00e1s<\/a><\/div><\/div><\/div><\/div>\n<div class=\"col-md-6 col-sm-6 col-xs-12 pt-cv-content-item pt-cv-1-col\" ><div class='pt-cv-ifield'><a href=\"https:\/\/www.segurossura.com.do\/historias\/index.php\/escuela-segura-responsabilidad-de-todos\/\" class=\"_self pt-cv-href-thumbnail pt-cv-thumb-default\" target=\"_self\" ><img loading=\"lazy\" decoding=\"async\" width=\"1070\" height=\"400\" src=\"https:\/\/www.segurossura.com.do\/historias\/wp-content\/uploads\/2024\/02\/Slider-HS-06.jpg\" class=\"pt-cv-thumbnail\" alt=\"Elementary Students\" srcset=\"https:\/\/www.segurossura.com.do\/historias\/wp-content\/uploads\/2024\/02\/Slider-HS-06.jpg 1070w, https:\/\/www.segurossura.com.do\/historias\/wp-content\/uploads\/2024\/02\/Slider-HS-06-300x112.jpg 300w, https:\/\/www.segurossura.com.do\/historias\/wp-content\/uploads\/2024\/02\/Slider-HS-06-1024x383.jpg 1024w, https:\/\/www.segurossura.com.do\/historias\/wp-content\/uploads\/2024\/02\/Slider-HS-06-768x287.jpg 768w\" sizes=\"(max-width: 1070px) 100vw, 1070px\" \/><\/a>\n<h3 class=\"pt-cv-title\"><a href=\"https:\/\/www.segurossura.com.do\/historias\/index.php\/escuela-segura-responsabilidad-de-todos\/\" class=\"_self\" target=\"_self\" >Escuela segura, responsabilidad de todos<\/a><\/h3>\n<div class=\"pt-cv-content\">La escuela debe ser el espacio m\u00e1s seguro para la infancia y adolescencia, despu\u00e9s ...<br \/><div class=\"pt-cv-rmwrap\"><a href=\"https:\/\/www.segurossura.com.do\/historias\/index.php\/escuela-segura-responsabilidad-de-todos\/\" class=\"_self pt-cv-readmore btn btn-success\" target=\"_self\">Ver M\u00e1s<\/a><\/div><\/div><\/div><\/div>\n<div class=\"col-md-6 col-sm-6 col-xs-12 pt-cv-content-item pt-cv-1-col\" ><div class='pt-cv-ifield'><a href=\"https:\/\/www.segurossura.com.do\/historias\/index.php\/mapa-de-riesgo-la-mejor-forma-de-conocer-tus-necesidades-de-aseguramiento\/\" class=\"_self pt-cv-href-thumbnail pt-cv-thumb-default\" target=\"_self\" ><img loading=\"lazy\" decoding=\"async\" width=\"1070\" height=\"400\" src=\"https:\/\/www.segurossura.com.do\/historias\/wp-content\/uploads\/2024\/02\/Slider-HS-01.jpg\" class=\"pt-cv-thumbnail\" alt=\"Slider-HS-01\" srcset=\"https:\/\/www.segurossura.com.do\/historias\/wp-content\/uploads\/2024\/02\/Slider-HS-01.jpg 1070w, https:\/\/www.segurossura.com.do\/historias\/wp-content\/uploads\/2024\/02\/Slider-HS-01-300x112.jpg 300w, https:\/\/www.segurossura.com.do\/historias\/wp-content\/uploads\/2024\/02\/Slider-HS-01-1024x383.jpg 1024w, https:\/\/www.segurossura.com.do\/historias\/wp-content\/uploads\/2024\/02\/Slider-HS-01-768x287.jpg 768w\" sizes=\"(max-width: 1070px) 100vw, 1070px\" \/><\/a>\n<h3 class=\"pt-cv-title\"><a href=\"https:\/\/www.segurossura.com.do\/historias\/index.php\/mapa-de-riesgo-la-mejor-forma-de-conocer-tus-necesidades-de-aseguramiento\/\" class=\"_self\" target=\"_self\" >Mapa de Riesgo, la mejor forma de conocer tus necesidades de aseguramiento<\/a><\/h3>\n<div class=\"pt-cv-content\">Conocer cu\u00e1les son nuestras vulnerabilidades y necesidades reales de aseguramiento nos permite saber con ...<br \/><div class=\"pt-cv-rmwrap\"><a href=\"https:\/\/www.segurossura.com.do\/historias\/index.php\/mapa-de-riesgo-la-mejor-forma-de-conocer-tus-necesidades-de-aseguramiento\/\" class=\"_self pt-cv-readmore btn btn-success\" target=\"_self\">Ver M\u00e1s<\/a><\/div><\/div><\/div><\/div>\n<div class=\"col-md-6 col-sm-6 col-xs-12 pt-cv-content-item pt-cv-1-col\" ><div class='pt-cv-ifield'><a href=\"https:\/\/www.segurossura.com.do\/historias\/index.php\/hogar-seguro-consejos-para-prevenir-un-incendio\/\" class=\"_self pt-cv-href-thumbnail pt-cv-thumb-default\" target=\"_self\" ><img loading=\"lazy\" decoding=\"async\" width=\"1070\" height=\"400\" src=\"https:\/\/www.segurossura.com.do\/historias\/wp-content\/uploads\/2024\/02\/Slider-HS-02.jpg\" class=\"pt-cv-thumbnail\" alt=\"Slider-HS-02\" srcset=\"https:\/\/www.segurossura.com.do\/historias\/wp-content\/uploads\/2024\/02\/Slider-HS-02.jpg 1070w, https:\/\/www.segurossura.com.do\/historias\/wp-content\/uploads\/2024\/02\/Slider-HS-02-300x112.jpg 300w, https:\/\/www.segurossura.com.do\/historias\/wp-content\/uploads\/2024\/02\/Slider-HS-02-1024x383.jpg 1024w, https:\/\/www.segurossura.com.do\/historias\/wp-content\/uploads\/2024\/02\/Slider-HS-02-768x287.jpg 768w\" sizes=\"(max-width: 1070px) 100vw, 1070px\" \/><\/a>\n<h3 class=\"pt-cv-title\"><a href=\"https:\/\/www.segurossura.com.do\/historias\/index.php\/hogar-seguro-consejos-para-prevenir-un-incendio\/\" class=\"_self\" target=\"_self\" >Hogar SEGURO, consejos para prevenir un incendio<\/a><\/h3>\n<div class=\"pt-cv-content\">El hogar, ese lugar donde convives con quienes m\u00e1s amas, merece la mejor protecci\u00f3n ...<br \/><div class=\"pt-cv-rmwrap\"><a href=\"https:\/\/www.segurossura.com.do\/historias\/index.php\/hogar-seguro-consejos-para-prevenir-un-incendio\/\" class=\"_self pt-cv-readmore btn btn-success\" target=\"_self\">Ver M\u00e1s<\/a><\/div><\/div><\/div><\/div><\/div><\/div>\n<div class=\" pt-cv-pagination-wrapper\"><ul class=\"pt-cv-pagination pt-cv-ajax pagination\" data-totalpages=\"2\" data-currentpage=\"1\" data-sid=\"c4e1c5bp02\" data-unid=\"\" data-isblock=\"\" data-postid=\"\"><li class=\"active\"><a href=\"#\">1<\/a><\/li>\n\t<li ><a class=\"\" href=\"https:\/\/www.segurossura.com.do\/historias\/index.php\/wp-json\/wp\/v2\/pages\/660\/?_page=2\">2<\/a><\/li>\n\t<li ><a class=\" \" href=\"https:\/\/www.segurossura.com.do\/historias\/index.php\/wp-json\/wp\/v2\/pages\/660\/?_page=2\">&rsaquo;<\/a><\/li>\n\t<\/ul><img loading=\"lazy\" decoding=\"async\" width=\"15\" height=\"15\" class=\"pt-cv-spinner\" alt=\"Cargando...\" src=\"data:image\/gif;base64,R0lGODlhDwAPALMPAMrKygwMDJOTkz09PZWVla+vr3p6euTk5M7OzuXl5TMzMwAAAJmZmWZmZszMzP\/\/\/yH\/C05FVFNDQVBFMi4wAwEAAAAh+QQFCgAPACwAAAAADwAPAAAEQvDJaZaZOIcV8iQK8VRX4iTYoAwZ4iCYoAjZ4RxejhVNoT+mRGP4cyF4Pp0N98sBGIBMEMOotl6YZ3S61Bmbkm4mAgAh+QQFCgAPACwAAAAADQANAAAENPDJSRSZeA418itN8QiK8BiLITVsFiyBBIoYqnoewAD4xPw9iY4XLGYSjkQR4UAUD45DLwIAIfkEBQoADwAsAAAAAA8ACQAABC\/wyVlamTi3nSdgwFNdhEJgTJoNyoB9ISYoQmdjiZPcj7EYCAeCF1gEDo4Dz2eIAAAh+QQFCgAPACwCAAAADQANAAAEM\/DJBxiYeLKdX3IJZT1FU0iIg2RNKx3OkZVnZ98ToRD4MyiDnkAh6BkNC0MvsAj0kMpHBAAh+QQFCgAPACwGAAAACQAPAAAEMDC59KpFDll73HkAA2wVY5KgiK5b0RRoI6MuzG6EQqCDMlSGheEhUAgqgUUAFRySIgAh+QQFCgAPACwCAAIADQANAAAEM\/DJKZNLND\/kkKaHc3xk+QAMYDKsiaqmZCxGVjSFFCxB1vwy2oOgIDxuucxAMTAJFAJNBAAh+QQFCgAPACwAAAYADwAJAAAEMNAs86q1yaWwwv2Ig0jUZx3OYa4XoRAfwADXoAwfo1+CIjyFRuEho60aSNYlOPxEAAAh+QQFCgAPACwAAAIADQANAAAENPA9s4y8+IUVcqaWJ4qEQozSoAzoIyhCK2NFU2SJk0hNnyEOhKR2AzAAj4Pj4GE4W0bkJQIAOw==\" \/><div class=\"clear pt-cv-clear-pagination\"><\/div><\/div><\/div>\n","protected":false},"excerpt":{"rendered":"","protected":false},"author":1,"featured_media":0,"parent":0,"menu_order":0,"comment_status":"closed","ping_status":"closed","template":"","meta":{"footnotes":""},"_links":{"self":[{"href":"https:\/\/www.segurossura.com.do\/historias\/index.php\/wp-json\/wp\/v2\/pages\/660"}],"collection":[{"href":"https:\/\/www.segurossura.com.do\/historias\/index.php\/wp-json\/wp\/v2\/pages"}],"about":[{"href":"https:\/\/www.segurossura.com.do\/historias\/index.php\/wp-json\/wp\/v2\/types\/page"}],"author":[{"embeddable":true,"href":"https:\/\/www.segurossura.com.do\/historias\/index.php\/wp-json\/wp\/v2\/users\/1"}],"replies":[{"embeddable":true,"href":"https:\/\/www.segurossura.com.do\/historias\/index.php\/wp-json\/wp\/v2\/comments?post=660"}],"version-history":[{"count":2,"href":"https:\/\/www.segurossura.com.do\/historias\/index.php\/wp-json\/wp\/v2\/pages\/660\/revisions"}],"predecessor-version":[{"id":689,"href":"https:\/\/www.segurossura.com.do\/historias\/index.php\/wp-json\/wp\/v2\/pages\/660\/revisions\/689"}],"wp:attachment":[{"href":"https:\/\/www.segurossura.com.do\/historias\/index.php\/wp-json\/wp\/v2\/media?parent=660"}],"curies":[{"name":"wp","href":"https:\/\/api.w.org\/{rel}","templated":true}]}}