{"id":650,"date":"2024-02-12T23:54:01","date_gmt":"2024-02-13T04:54:01","guid":{"rendered":"http:\/\/129.158.241.237\/theme\/historias\/?page_id=650"},"modified":"2024-02-13T10:47:59","modified_gmt":"2024-02-13T15:47:59","slug":"tendencias","status":"publish","type":"page","link":"https:\/\/www.segurossura.com.do\/historias\/index.php\/tendencias\/","title":{"rendered":"Tendencias"},"content":{"rendered":"<div class=\"pt-cv-wrapper\"><div class=\"pt-cv-view pt-cv-grid pt-cv-colsys\" id=\"pt-cv-view-f0114e2mvb\"><div data-id=\"pt-cv-page-1\" class=\"pt-cv-page\" data-cvc=\"2\"><div class=\"col-md-6 col-sm-6 col-xs-12 pt-cv-content-item pt-cv-1-col\" ><div class='pt-cv-ifield'><a href=\"https:\/\/www.segurossura.com.do\/historias\/index.php\/tendencias-frente-al-covid-19-como-nos-adaptamos-ante-la-nueva-normalidad\/\" class=\"_self pt-cv-href-thumbnail pt-cv-thumb-default\" target=\"_self\" ><img loading=\"lazy\" decoding=\"async\" width=\"1500\" height=\"542\" src=\"https:\/\/www.segurossura.com.do\/historias\/wp-content\/uploads\/2024\/02\/banner-covid19-1.jpg\" class=\"pt-cv-thumbnail\" alt=\"\" srcset=\"https:\/\/www.segurossura.com.do\/historias\/wp-content\/uploads\/2024\/02\/banner-covid19-1.jpg 1500w, https:\/\/www.segurossura.com.do\/historias\/wp-content\/uploads\/2024\/02\/banner-covid19-1-300x108.jpg 300w, https:\/\/www.segurossura.com.do\/historias\/wp-content\/uploads\/2024\/02\/banner-covid19-1-1024x370.jpg 1024w, https:\/\/www.segurossura.com.do\/historias\/wp-content\/uploads\/2024\/02\/banner-covid19-1-768x278.jpg 768w\" sizes=\"(max-width: 1500px) 100vw, 1500px\" \/><\/a>\n<h3 class=\"pt-cv-title\"><a href=\"https:\/\/www.segurossura.com.do\/historias\/index.php\/tendencias-frente-al-covid-19-como-nos-adaptamos-ante-la-nueva-normalidad\/\" class=\"_self\" target=\"_self\" >Tendencias frente al COVID-19: c\u00f3mo nos adaptamos ante la nueva normalidad<\/a><\/h3>\n<div class=\"pt-cv-content\">Pulsa aqu\u00ed para saber c\u00f3mo nos hemos adaptado ante la nueva normalidad ...<br \/><div class=\"pt-cv-rmwrap\"><a href=\"https:\/\/www.segurossura.com.do\/historias\/index.php\/tendencias-frente-al-covid-19-como-nos-adaptamos-ante-la-nueva-normalidad\/\" class=\"_self pt-cv-readmore btn btn-success\" target=\"_self\">Ver M\u00e1s<\/a><\/div><\/div><\/div><\/div>\n<div class=\"col-md-6 col-sm-6 col-xs-12 pt-cv-content-item pt-cv-1-col\" ><div class='pt-cv-ifield'><a href=\"https:\/\/www.segurossura.com.do\/historias\/index.php\/movilidad-urbana-impacto-y-transformacion-del-entorno-y-la-sociedad\/\" class=\"_self pt-cv-href-thumbnail pt-cv-thumb-default\" target=\"_self\" ><img loading=\"lazy\" decoding=\"async\" width=\"1070\" height=\"400\" src=\"https:\/\/www.segurossura.com.do\/historias\/wp-content\/uploads\/2024\/02\/movilidad-urbana-big-1.jpg\" class=\"pt-cv-thumbnail\" alt=\"movilidad-urbana-big\" srcset=\"https:\/\/www.segurossura.com.do\/historias\/wp-content\/uploads\/2024\/02\/movilidad-urbana-big-1.jpg 1070w, https:\/\/www.segurossura.com.do\/historias\/wp-content\/uploads\/2024\/02\/movilidad-urbana-big-1-300x112.jpg 300w, https:\/\/www.segurossura.com.do\/historias\/wp-content\/uploads\/2024\/02\/movilidad-urbana-big-1-1024x383.jpg 1024w, https:\/\/www.segurossura.com.do\/historias\/wp-content\/uploads\/2024\/02\/movilidad-urbana-big-1-768x287.jpg 768w\" sizes=\"(max-width: 1070px) 100vw, 1070px\" \/><\/a>\n<h3 class=\"pt-cv-title\"><a href=\"https:\/\/www.segurossura.com.do\/historias\/index.php\/movilidad-urbana-impacto-y-transformacion-del-entorno-y-la-sociedad\/\" class=\"_self\" target=\"_self\" >Movilidad urbana, impacto y transformaci\u00f3n del entorno y la sociedad<\/a><\/h3>\n<div class=\"pt-cv-content\">Un mundo que se transforma permanentemente obliga tambi\u00e9n a la adaptaci\u00f3n constante. Cada d\u00eda, ...<br \/><div class=\"pt-cv-rmwrap\"><a href=\"https:\/\/www.segurossura.com.do\/historias\/index.php\/movilidad-urbana-impacto-y-transformacion-del-entorno-y-la-sociedad\/\" class=\"_self pt-cv-readmore btn btn-success\" target=\"_self\">Ver M\u00e1s<\/a><\/div><\/div><\/div><\/div>\n<div class=\"col-md-6 col-sm-6 col-xs-12 pt-cv-content-item pt-cv-1-col\" ><div class='pt-cv-ifield'><a href=\"https:\/\/www.segurossura.com.do\/historias\/index.php\/crecientes-cambios-favorecen-al-sector-asegurador\/\" class=\"_self pt-cv-href-thumbnail pt-cv-thumb-default\" target=\"_self\" ><img loading=\"lazy\" decoding=\"async\" width=\"1070\" height=\"400\" src=\"https:\/\/www.segurossura.com.do\/historias\/wp-content\/uploads\/2024\/02\/Banner-HS-01.png\" class=\"pt-cv-thumbnail\" alt=\"Banner-HS-01\" srcset=\"https:\/\/www.segurossura.com.do\/historias\/wp-content\/uploads\/2024\/02\/Banner-HS-01.png 1070w, https:\/\/www.segurossura.com.do\/historias\/wp-content\/uploads\/2024\/02\/Banner-HS-01-300x112.png 300w, https:\/\/www.segurossura.com.do\/historias\/wp-content\/uploads\/2024\/02\/Banner-HS-01-1024x383.png 1024w, https:\/\/www.segurossura.com.do\/historias\/wp-content\/uploads\/2024\/02\/Banner-HS-01-768x287.png 768w\" sizes=\"(max-width: 1070px) 100vw, 1070px\" \/><\/a>\n<h3 class=\"pt-cv-title\"><a href=\"https:\/\/www.segurossura.com.do\/historias\/index.php\/crecientes-cambios-favorecen-al-sector-asegurador\/\" class=\"_self\" target=\"_self\" >Crecientes cambios favorecen al sector asegurador<\/a><\/h3>\n<div class=\"pt-cv-content\">La industria aseguradora en la Rep\u00fablica Dominicana aportaal crecimiento econ\u00f3mico apenas un 1.2% del ...<br \/><div class=\"pt-cv-rmwrap\"><a href=\"https:\/\/www.segurossura.com.do\/historias\/index.php\/crecientes-cambios-favorecen-al-sector-asegurador\/\" class=\"_self pt-cv-readmore btn btn-success\" target=\"_self\">Ver M\u00e1s<\/a><\/div><\/div><\/div><\/div>\n<div class=\"col-md-6 col-sm-6 col-xs-12 pt-cv-content-item pt-cv-1-col\" ><div class='pt-cv-ifield'><a href=\"https:\/\/www.segurossura.com.do\/historias\/index.php\/el-sector-asegurador-y-su-rol-con-la-ley-155-17-de-lavado-de-activos-y-el-financiamiento-del-terrorismo-laft\/\" class=\"_self pt-cv-href-thumbnail pt-cv-thumb-default\" target=\"_self\" ><img loading=\"lazy\" decoding=\"async\" width=\"1170\" height=\"392\" src=\"https:\/\/www.segurossura.com.do\/historias\/wp-content\/uploads\/2024\/02\/laft.png\" class=\"pt-cv-thumbnail\" alt=\"laft\" srcset=\"https:\/\/www.segurossura.com.do\/historias\/wp-content\/uploads\/2024\/02\/laft.png 1170w, https:\/\/www.segurossura.com.do\/historias\/wp-content\/uploads\/2024\/02\/laft-300x100.png 300w, https:\/\/www.segurossura.com.do\/historias\/wp-content\/uploads\/2024\/02\/laft-1024x343.png 1024w, https:\/\/www.segurossura.com.do\/historias\/wp-content\/uploads\/2024\/02\/laft-768x257.png 768w\" sizes=\"(max-width: 1170px) 100vw, 1170px\" \/><\/a>\n<h3 class=\"pt-cv-title\"><a href=\"https:\/\/www.segurossura.com.do\/historias\/index.php\/el-sector-asegurador-y-su-rol-con-la-ley-155-17-de-lavado-de-activos-y-el-financiamiento-del-terrorismo-laft\/\" class=\"_self\" target=\"_self\" >El sector asegurador y su rol con la Ley 155-17 de Lavado de Activos y el Financiamiento del Terrorismo (LAFT)<\/a><\/h3>\n<div class=\"pt-cv-content\">Lavado de activos, es el proceso por el cual personas f\u00edsicas, jur\u00eddicas y organizaciones ...<br \/><div class=\"pt-cv-rmwrap\"><a href=\"https:\/\/www.segurossura.com.do\/historias\/index.php\/el-sector-asegurador-y-su-rol-con-la-ley-155-17-de-lavado-de-activos-y-el-financiamiento-del-terrorismo-laft\/\" class=\"_self pt-cv-readmore btn btn-success\" target=\"_self\">Ver M\u00e1s<\/a><\/div><\/div><\/div><\/div>\n<div class=\"col-md-6 col-sm-6 col-xs-12 pt-cv-content-item pt-cv-1-col\" ><div class='pt-cv-ifield'><a href=\"https:\/\/www.segurossura.com.do\/historias\/index.php\/novedades-ley-63-17-sobre-movilidad-transporte-terrestre-transito-y-seguridad-vial\/\" class=\"_self pt-cv-href-thumbnail pt-cv-thumb-default\" target=\"_self\" ><img loading=\"lazy\" decoding=\"async\" width=\"1170\" height=\"453\" src=\"https:\/\/www.segurossura.com.do\/historias\/wp-content\/uploads\/2024\/02\/ley-63-17.png\" class=\"pt-cv-thumbnail\" alt=\"ley-63-17\" srcset=\"https:\/\/www.segurossura.com.do\/historias\/wp-content\/uploads\/2024\/02\/ley-63-17.png 1170w, https:\/\/www.segurossura.com.do\/historias\/wp-content\/uploads\/2024\/02\/ley-63-17-300x116.png 300w, https:\/\/www.segurossura.com.do\/historias\/wp-content\/uploads\/2024\/02\/ley-63-17-1024x396.png 1024w, https:\/\/www.segurossura.com.do\/historias\/wp-content\/uploads\/2024\/02\/ley-63-17-768x297.png 768w\" sizes=\"(max-width: 1170px) 100vw, 1170px\" \/><\/a>\n<h3 class=\"pt-cv-title\"><a href=\"https:\/\/www.segurossura.com.do\/historias\/index.php\/novedades-ley-63-17-sobre-movilidad-transporte-terrestre-transito-y-seguridad-vial\/\" class=\"_self\" target=\"_self\" >Novedades Ley 63-17 sobre Movilidad, Transporte Terrestre, Tr\u00e1nsito y Seguridad Vial<\/a><\/h3>\n<div class=\"pt-cv-content\">La\u00a0Ley 63-17 sobre Movilidad, Transporte Terrestre, Tr\u00e1nsito y Seguridad Vial\u00a0plantea una reestructuraci\u00f3n del sistema ...<br \/><div class=\"pt-cv-rmwrap\"><a href=\"https:\/\/www.segurossura.com.do\/historias\/index.php\/novedades-ley-63-17-sobre-movilidad-transporte-terrestre-transito-y-seguridad-vial\/\" class=\"_self pt-cv-readmore btn btn-success\" target=\"_self\">Ver M\u00e1s<\/a><\/div><\/div><\/div><\/div>\n<div class=\"col-md-6 col-sm-6 col-xs-12 pt-cv-content-item pt-cv-1-col\" ><div class='pt-cv-ifield'><a href=\"https:\/\/www.segurossura.com.do\/historias\/index.php\/oportunidades-y-retos-del-sector-asegurador-en-centroamerica\/\" class=\"_self pt-cv-href-thumbnail pt-cv-thumb-default\" target=\"_self\" ><img loading=\"lazy\" decoding=\"async\" width=\"1070\" height=\"400\" src=\"https:\/\/www.segurossura.com.do\/historias\/wp-content\/uploads\/2024\/02\/Slider-HS-04.jpg\" class=\"pt-cv-thumbnail\" alt=\"Panorama of Santo Domingo\" srcset=\"https:\/\/www.segurossura.com.do\/historias\/wp-content\/uploads\/2024\/02\/Slider-HS-04.jpg 1070w, https:\/\/www.segurossura.com.do\/historias\/wp-content\/uploads\/2024\/02\/Slider-HS-04-300x112.jpg 300w, https:\/\/www.segurossura.com.do\/historias\/wp-content\/uploads\/2024\/02\/Slider-HS-04-1024x383.jpg 1024w, https:\/\/www.segurossura.com.do\/historias\/wp-content\/uploads\/2024\/02\/Slider-HS-04-768x287.jpg 768w\" sizes=\"(max-width: 1070px) 100vw, 1070px\" \/><\/a>\n<h3 class=\"pt-cv-title\"><a href=\"https:\/\/www.segurossura.com.do\/historias\/index.php\/oportunidades-y-retos-del-sector-asegurador-en-centroamerica\/\" class=\"_self\" target=\"_self\" >Oportunidades y retos del sector asegurador en Centroam\u00e9rica<\/a><\/h3>\n<div class=\"pt-cv-content\">La consolidaci\u00f3n de nuevos productos de aseguramiento es hoy para los pa\u00edses de Centroam\u00e9rica ...<br \/><div class=\"pt-cv-rmwrap\"><a href=\"https:\/\/www.segurossura.com.do\/historias\/index.php\/oportunidades-y-retos-del-sector-asegurador-en-centroamerica\/\" class=\"_self pt-cv-readmore btn btn-success\" target=\"_self\">Ver M\u00e1s<\/a><\/div><\/div><\/div><\/div>\n<div class=\"col-md-6 col-sm-6 col-xs-12 pt-cv-content-item pt-cv-1-col\" ><div class='pt-cv-ifield'><a href=\"https:\/\/www.segurossura.com.do\/historias\/index.php\/las-reaseguradoras-claves-en-la-disminucion-del-riesgo\/\" class=\"_self pt-cv-href-thumbnail pt-cv-thumb-default\" target=\"_self\" ><img loading=\"lazy\" decoding=\"async\" width=\"1170\" height=\"303\" src=\"https:\/\/www.segurossura.com.do\/historias\/wp-content\/uploads\/2024\/02\/las-reaseguradoras.jpg\" class=\"pt-cv-thumbnail\" alt=\"Creativity and headhunter\" srcset=\"https:\/\/www.segurossura.com.do\/historias\/wp-content\/uploads\/2024\/02\/las-reaseguradoras.jpg 1170w, https:\/\/www.segurossura.com.do\/historias\/wp-content\/uploads\/2024\/02\/las-reaseguradoras-300x78.jpg 300w, https:\/\/www.segurossura.com.do\/historias\/wp-content\/uploads\/2024\/02\/las-reaseguradoras-1024x265.jpg 1024w, https:\/\/www.segurossura.com.do\/historias\/wp-content\/uploads\/2024\/02\/las-reaseguradoras-768x199.jpg 768w\" sizes=\"(max-width: 1170px) 100vw, 1170px\" \/><\/a>\n<h3 class=\"pt-cv-title\"><a href=\"https:\/\/www.segurossura.com.do\/historias\/index.php\/las-reaseguradoras-claves-en-la-disminucion-del-riesgo\/\" class=\"_self\" target=\"_self\" >Las reaseguradoras, claves en la disminuci\u00f3n del riesgo<\/a><\/h3>\n<div class=\"pt-cv-content\">El papel de las compa\u00f1\u00edas de seguros es presentarse ante sus clientes como un ...<br \/><div class=\"pt-cv-rmwrap\"><a href=\"https:\/\/www.segurossura.com.do\/historias\/index.php\/las-reaseguradoras-claves-en-la-disminucion-del-riesgo\/\" class=\"_self pt-cv-readmore btn btn-success\" target=\"_self\">Ver M\u00e1s<\/a><\/div><\/div><\/div><\/div><\/div><\/div><\/div>\n","protected":false},"excerpt":{"rendered":"","protected":false},"author":1,"featured_media":0,"parent":0,"menu_order":0,"comment_status":"closed","ping_status":"closed","template":"","meta":{"footnotes":""},"_links":{"self":[{"href":"https:\/\/www.segurossura.com.do\/historias\/index.php\/wp-json\/wp\/v2\/pages\/650"}],"collection":[{"href":"https:\/\/www.segurossura.com.do\/historias\/index.php\/wp-json\/wp\/v2\/pages"}],"about":[{"href":"https:\/\/www.segurossura.com.do\/historias\/index.php\/wp-json\/wp\/v2\/types\/page"}],"author":[{"embeddable":true,"href":"https:\/\/www.segurossura.com.do\/historias\/index.php\/wp-json\/wp\/v2\/users\/1"}],"replies":[{"embeddable":true,"href":"https:\/\/www.segurossura.com.do\/historias\/index.php\/wp-json\/wp\/v2\/comments?post=650"}],"version-history":[{"count":2,"href":"https:\/\/www.segurossura.com.do\/historias\/index.php\/wp-json\/wp\/v2\/pages\/650\/revisions"}],"predecessor-version":[{"id":690,"href":"https:\/\/www.segurossura.com.do\/historias\/index.php\/wp-json\/wp\/v2\/pages\/650\/revisions\/690"}],"wp:attachment":[{"href":"https:\/\/www.segurossura.com.do\/historias\/index.php\/wp-json\/wp\/v2\/media?parent=650"}],"curies":[{"name":"wp","href":"https:\/\/api.w.org\/{rel}","templated":true}]}}